{"id":698,"date":"2024-12-30T19:05:28","date_gmt":"2024-12-30T19:05:28","guid":{"rendered":"https:\/\/4leoni-firenze.ch\/das-vinaino-test\/"},"modified":"2025-01-05T17:39:08","modified_gmt":"2025-01-05T17:39:08","slug":"das-vinaino","status":"publish","type":"page","link":"https:\/\/4leoni-firenze.ch\/de\/das-vinaino\/","title":{"rendered":"Das Vinaio"},"content":{"rendered":"\n<p class=\"has-text-align-center\">Dienstag und Mittwoch:<br>10:00 &#8211; 14:00<br>17:00 &#8211; 21:00<\/p>\n\n\n\n<div style=\"height:30px\" aria-hidden=\"true\" class=\"wp-block-spacer\"><\/div>\n\n\n\n<p class=\"has-text-align-center\">Donnerstag bis Samstag:<br>10:00 &#8211; 14:00<br>17:00 &#8211; 22:00<\/p>\n\n\n\n<div style=\"height:30px\" aria-hidden=\"true\" class=\"wp-block-spacer\"><\/div>\n\n\n\n<p class=\"has-text-align-center\">Aktuelle \u00d6ffnungszeiten finden Sie auf <a href=\"https:\/\/maps.app.goo.gl\/FQTv5UfTQ1pRK6HN8\"><strong>Google.<\/strong><\/a><\/p>\n\n\n\n<div style=\"height:30px\" aria-hidden=\"true\" class=\"wp-block-spacer\"><\/div>\n\n\n\n<p class=\"has-text-align-center\">Erreichbar unter <a href=\"tel:+41774860019\"><strong>077 486 00 19<\/strong><\/a>, <a href=\"mailto:alvinaio@bread.love\"><strong>alvinaio@bread.love<\/strong><\/a> oder Instagram: <a href=\"https:\/\/www.instagram.com\/bread.love_alvinaio\/\" target=\"_blank\" rel=\"noreferrer noopener\"><strong>bread.love al vinaio Z\u00fcrich<\/strong><\/a>.<\/p>\n\n\n\n<div style=\"height:50px\" aria-hidden=\"true\" class=\"wp-block-spacer\"><\/div>\n\n\n\n<figure class=\"wp-block-gallery aligncenter has-nested-images columns-default is-cropped wp-block-gallery-1 is-layout-flex wp-block-gallery-is-layout-flex\">\n<figure class=\"wp-block-image size-full\"><img loading=\"lazy\" decoding=\"async\" width=\"1280\" height=\"1680\" data-id=\"649\" src=\"https:\/\/4leoni-firenze.ch\/wp-content\/uploads\/2024\/12\/amb3.jpeg\" alt=\"\" class=\"wp-image-649\" srcset=\"https:\/\/4leoni-firenze.ch\/wp-content\/uploads\/2024\/12\/amb3.jpeg 1280w, https:\/\/4leoni-firenze.ch\/wp-content\/uploads\/2024\/12\/amb3-229x300.jpeg 229w, https:\/\/4leoni-firenze.ch\/wp-content\/uploads\/2024\/12\/amb3-780x1024.jpeg 780w, https:\/\/4leoni-firenze.ch\/wp-content\/uploads\/2024\/12\/amb3-768x1008.jpeg 768w, https:\/\/4leoni-firenze.ch\/wp-content\/uploads\/2024\/12\/amb3-1170x1536.jpeg 1170w\" sizes=\"auto, (max-width: 1280px) 100vw, 1280px\" \/><\/figure>\n\n\n\n<figure class=\"wp-block-image size-full\"><img loading=\"lazy\" decoding=\"async\" width=\"1280\" height=\"1707\" data-id=\"647\" src=\"https:\/\/4leoni-firenze.ch\/wp-content\/uploads\/2024\/12\/amb2.jpeg\" alt=\"\" class=\"wp-image-647\" srcset=\"https:\/\/4leoni-firenze.ch\/wp-content\/uploads\/2024\/12\/amb2.jpeg 1280w, https:\/\/4leoni-firenze.ch\/wp-content\/uploads\/2024\/12\/amb2-225x300.jpeg 225w, https:\/\/4leoni-firenze.ch\/wp-content\/uploads\/2024\/12\/amb2-768x1024.jpeg 768w, https:\/\/4leoni-firenze.ch\/wp-content\/uploads\/2024\/12\/amb2-1152x1536.jpeg 1152w\" sizes=\"auto, (max-width: 1280px) 100vw, 1280px\" \/><\/figure>\n\n\n\n<figure class=\"wp-block-image size-full\"><img loading=\"lazy\" decoding=\"async\" width=\"1280\" height=\"1707\" data-id=\"645\" src=\"https:\/\/4leoni-firenze.ch\/wp-content\/uploads\/2024\/12\/amb.jpeg\" alt=\"\" class=\"wp-image-645\" srcset=\"https:\/\/4leoni-firenze.ch\/wp-content\/uploads\/2024\/12\/amb.jpeg 1280w, https:\/\/4leoni-firenze.ch\/wp-content\/uploads\/2024\/12\/amb-225x300.jpeg 225w, https:\/\/4leoni-firenze.ch\/wp-content\/uploads\/2024\/12\/amb-768x1024.jpeg 768w, https:\/\/4leoni-firenze.ch\/wp-content\/uploads\/2024\/12\/amb-1152x1536.jpeg 1152w\" sizes=\"auto, (max-width: 1280px) 100vw, 1280px\" \/><\/figure>\n<\/figure>\n\n\n\n<div style=\"height:50px\" aria-hidden=\"true\" class=\"wp-block-spacer\"><\/div>\n\n\n\n<p class=\"has-text-align-center container-60\">Angrenzend am beliebten Restaurant 4Leoni ist nun der neue Z\u00fcrcher Brotladen von bread.love untergebracht &#8211; gewohnt klein, schwarz gestrichen und minimal eingerichtet. Gebacken wird nach wie vor in Reinach.<\/p>\n\n\n\n<div style=\"height:70px\" aria-hidden=\"true\" class=\"wp-block-spacer\"><\/div>\n\n\n\n<figure class=\"wp-block-gallery aligncenter has-nested-images columns-default is-cropped wp-block-gallery-2 is-layout-flex wp-block-gallery-is-layout-flex\">\n<figure class=\"wp-block-image size-full\"><img loading=\"lazy\" decoding=\"async\" width=\"1280\" height=\"1920\" data-id=\"661\" src=\"https:\/\/4leoni-firenze.ch\/wp-content\/uploads\/2024\/12\/pane4.jpg\" alt=\"\" class=\"wp-image-661\" srcset=\"https:\/\/4leoni-firenze.ch\/wp-content\/uploads\/2024\/12\/pane4.jpg 1280w, https:\/\/4leoni-firenze.ch\/wp-content\/uploads\/2024\/12\/pane4-200x300.jpg 200w, https:\/\/4leoni-firenze.ch\/wp-content\/uploads\/2024\/12\/pane4-683x1024.jpg 683w, https:\/\/4leoni-firenze.ch\/wp-content\/uploads\/2024\/12\/pane4-768x1152.jpg 768w, https:\/\/4leoni-firenze.ch\/wp-content\/uploads\/2024\/12\/pane4-1024x1536.jpg 1024w\" sizes=\"auto, (max-width: 1280px) 100vw, 1280px\" \/><\/figure>\n\n\n\n<figure class=\"wp-block-image size-full\"><img loading=\"lazy\" decoding=\"async\" width=\"1280\" height=\"1515\" data-id=\"663\" src=\"https:\/\/4leoni-firenze.ch\/wp-content\/uploads\/2024\/12\/sezione.jpg\" alt=\"\" class=\"wp-image-663\" srcset=\"https:\/\/4leoni-firenze.ch\/wp-content\/uploads\/2024\/12\/sezione.jpg 1280w, https:\/\/4leoni-firenze.ch\/wp-content\/uploads\/2024\/12\/sezione-253x300.jpg 253w, https:\/\/4leoni-firenze.ch\/wp-content\/uploads\/2024\/12\/sezione-865x1024.jpg 865w, https:\/\/4leoni-firenze.ch\/wp-content\/uploads\/2024\/12\/sezione-768x909.jpg 768w\" sizes=\"auto, (max-width: 1280px) 100vw, 1280px\" \/><\/figure>\n\n\n\n<figure class=\"wp-block-image size-full\"><img loading=\"lazy\" decoding=\"async\" width=\"1280\" height=\"853\" data-id=\"659\" src=\"https:\/\/4leoni-firenze.ch\/wp-content\/uploads\/2024\/12\/focacciafarc1.jpg\" alt=\"\" class=\"wp-image-659\" srcset=\"https:\/\/4leoni-firenze.ch\/wp-content\/uploads\/2024\/12\/focacciafarc1.jpg 1280w, https:\/\/4leoni-firenze.ch\/wp-content\/uploads\/2024\/12\/focacciafarc1-300x200.jpg 300w, https:\/\/4leoni-firenze.ch\/wp-content\/uploads\/2024\/12\/focacciafarc1-1024x682.jpg 1024w, https:\/\/4leoni-firenze.ch\/wp-content\/uploads\/2024\/12\/focacciafarc1-768x512.jpg 768w\" sizes=\"auto, (max-width: 1280px) 100vw, 1280px\" \/><\/figure>\n<\/figure>\n\n\n\n<div style=\"height:50px\" aria-hidden=\"true\" class=\"wp-block-spacer\"><\/div>\n\n\n\n<p class=\"has-text-align-center container-60\">Im Zentrum steht eine Brotsorte in vier Formen: Fl\u00fbte, Pf\u00fcnderli, B\u00fcrlischild und Hammer, alle aus dem gleichen Teig: mild, sehr lange gef\u00fchrt und aus Demeterweizen; handgefaltet dazu und im Hozlofen richtig dunkel gebacken. Neben den Broten werden auch Panini angeboten. Basis ist u.a. ein von bread.love entwickelter Focaccia-Teig, der nach fiorentinischer Art gef\u00fcllt ist. Dazu gibts einen Caff\u00e8 oder ein Glas Wein passend zum Namen &#8222;al vinaio&#8220;. Die Panini kann man To Go kaufen oder in der kleinen, schwarzen Lounge direkt neben der B\u00e4ckerei verspeisen.<br>Wir freuen uns auf euch!<\/p>\n\n\n\n<div style=\"height:50px\" aria-hidden=\"true\" class=\"wp-block-spacer\"><\/div>\n\n\n\n<div id=\"footer-instagram text-align-center container-90\" style=\"text-align: center;\"> <svg xmlns=\"http:\/\/www.w3.org\/2000\/svg\" width=\"40\" height=\"40\" viewbox=\"0 0 80 80\">\n      <g fill=\"none\" fill-rule=\"evenodd\">\n        <rect width=\"80\" height=\"80\" fill=\"#FFF\" rx=\"8\"><\/rect>\n        <path fill=\"#1A1A1A\" fill-rule=\"nonzero\" d=\"M69.848 27.64c-.141-3.188-.657-5.38-1.395-7.279-.762-2.016-1.935-3.82-3.47-5.32-1.501-1.525-3.318-2.709-5.311-3.459-1.911-.738-4.092-1.254-7.28-1.394-3.213-.153-4.233-.188-12.38-.188-8.148 0-9.168.035-12.368.176-3.19.14-5.381.656-7.28 1.394-2.017.762-3.822 1.934-5.323 3.47-1.524 1.5-2.708 3.317-3.458 5.31-.739 1.91-1.255 4.09-1.395 7.278C10.035 30.84 10 31.86 10 40.006s.035 9.166.176 12.366c.14 3.188.657 5.38 1.395 7.279.762 2.016 1.946 3.82 3.47 5.32 1.5 1.525 3.318 2.709 5.31 3.459 1.912.738 4.092 1.254 7.281 1.394 3.2.141 4.22.176 12.368.176s9.168-.035 12.368-.176c3.189-.14 5.381-.656 7.28-1.394 4.033-1.56 7.222-4.747 8.781-8.78.738-1.91 1.255-4.09 1.395-7.278.14-3.2.176-4.22.176-12.366s-.012-9.166-.152-12.366zm-5.405 24.497c-.129 2.93-.621 4.513-1.031 5.568-1.009 2.614-3.084 4.688-5.698 5.696-1.055.41-2.65.903-5.569 1.031-3.165.142-4.114.176-12.121.176-8.008 0-8.969-.034-12.123-.176-2.93-.128-4.513-.62-5.568-1.03-1.301-.481-2.485-1.243-3.447-2.24-.996-.972-1.758-2.145-2.239-3.445-.41-1.055-.903-2.65-1.031-5.568-.141-3.165-.176-4.114-.176-12.12 0-8.005.035-8.966.176-12.12.128-2.93.62-4.512 1.031-5.567.48-1.3 1.243-2.484 2.251-3.446.973-.996 2.145-1.758 3.447-2.238 1.055-.41 2.65-.903 5.568-1.032 3.166-.14 4.115-.176 12.122-.176 8.02 0 8.968.036 12.122.176 2.931.13 4.514.621 5.569 1.032 1.3.48 2.485 1.242 3.446 2.238.997.973 1.759 2.145 2.24 3.446.41 1.055.902 2.65 1.031 5.568.14 3.165.176 4.114.176 12.12 0 8.005-.035 8.943-.176 12.107z\"><\/path>\n        <path fill=\"#1A1A1A\" fill-rule=\"nonzero\" d=\"M40 24.516c-8.548 0-15.484 6.935-15.484 15.484S31.452 55.484 40 55.484c8.549 0 15.484-6.935 15.484-15.484S48.549 24.516 40 24.516zm0 25.528c-5.546 0-10.044-4.498-10.044-10.044S34.454 29.956 40 29.956 50.044 34.454 50.044 40 45.546 50.044 40 50.044zM59.355 24.032c0 1.87-1.517 3.387-3.387 3.387s-3.387-1.516-3.387-3.387c0-1.87 1.516-3.387 3.387-3.387 1.87 0 3.387 1.516 3.387 3.387z\"><\/path>\n      <\/g>\n      <\/svg>\n      <p>Folgen Sie uns auf Instagram<br\/><a class=\"text-link\" href=\"https:\/\/www.instagram.com\/bread.love_alvinaio\/\" target=\"_blank\" rel=\"noopener\">bread.love al vinaio Z\u00fcrich<\/a><\/p>\n    <\/div>\n","protected":false},"excerpt":{"rendered":"<p class=\"has-text-align-center\">Dienstag und Mittwoch:<br \/>10:00 &#8211; 14:00<br \/>17:00 &#8211; 21:00<\/p>\n<div style=\"height:30px\" aria-hidden=\"true\" class=\"wp-block-spacer\"><\/div>\n<p class=\"has-text-align-center\">Donnerstag bis Samstag:<br \/>10:00 &#8211; 14:00<br \/>17:00 &#8211; 22:00<\/p>\n<div style=\"height:30px\" aria-hidden=\"true\" class=\"wp-block-spacer\"><\/div>\n<p class=\"has-text-align-center\">Aktuelle \u00d6ffnungszeiten finden Sie auf <a href=\"https:\/\/maps.app.goo.gl\/FQTv5UfTQ1pRK6HN8\"><strong>Google.<\/strong><\/a><\/p>\n<div style=\"height:30px\" aria-hidden=\"true\" class=\"wp-block-spacer\"><\/div>\n<p class=\"has-text-align-center\">Erreichbar unter <a href=\"tel:+41774860019\"><strong>077 486 00 19<\/strong><\/a>,<\/p>\n","protected":false},"author":1,"featured_media":671,"parent":0,"menu_order":0,"comment_status":"closed","ping_status":"closed","template":"template.def.php","meta":{"footnotes":""},"class_list":["post-698","page","type-page","status-publish","has-post-thumbnail","hentry"],"acf":[],"yoast_head":"<!-- This site is optimized with the Yoast SEO plugin v25.2 - https:\/\/yoast.com\/wordpress\/plugins\/seo\/ -->\n<title>Das Vinaio - Trattoria e Bottega 4 Leoni Firenze, Z\u00fcrich<\/title>\n<meta name=\"robots\" content=\"index, follow, max-snippet:-1, max-image-preview:large, max-video-preview:-1\" \/>\n<link rel=\"canonical\" href=\"https:\/\/4leoni-firenze.ch\/de\/das-vinaino\/\" \/>\n<meta property=\"og:locale\" content=\"de_DE\" \/>\n<meta property=\"og:type\" content=\"article\" \/>\n<meta property=\"og:title\" content=\"Das Vinaio - Trattoria e Bottega 4 Leoni Firenze, Z\u00fcrich\" \/>\n<meta property=\"og:description\" content=\"Dienstag und Mittwoch:10:00 &#8211; 14:0017:00 &#8211; 21:00    Donnerstag bis Samstag:10:00 &#8211; 14:0017:00 &#8211; 22:00    Aktuelle \u00d6ffnungszeiten finden Sie auf Google.    Erreichbar unter 077 486 00 19,\" \/>\n<meta property=\"og:url\" content=\"https:\/\/4leoni-firenze.ch\/de\/das-vinaino\/\" \/>\n<meta property=\"og:site_name\" content=\"Trattoria e Bottega 4 Leoni Firenze, Z\u00fcrich\" \/>\n<meta property=\"article:modified_time\" content=\"2025-01-05T17:39:08+00:00\" \/>\n<meta property=\"og:image\" content=\"https:\/\/4leoni-firenze.ch\/wp-content\/uploads\/2024\/12\/pane2.jpg\" \/>\n\t<meta property=\"og:image:width\" content=\"1280\" \/>\n\t<meta property=\"og:image:height\" content=\"875\" \/>\n\t<meta property=\"og:image:type\" content=\"image\/jpeg\" \/>\n<meta name=\"twitter:card\" content=\"summary_large_image\" \/>\n<meta name=\"twitter:label1\" content=\"Gesch\u00e4tzte Lesezeit\" \/>\n\t<meta name=\"twitter:data1\" content=\"3\u00a0Minuten\" \/>\n<script type=\"application\/ld+json\" class=\"yoast-schema-graph\">{\"@context\":\"https:\/\/schema.org\",\"@graph\":[{\"@type\":\"WebPage\",\"@id\":\"https:\/\/4leoni-firenze.ch\/de\/das-vinaino\/\",\"url\":\"https:\/\/4leoni-firenze.ch\/de\/das-vinaino\/\",\"name\":\"Das Vinaio - Trattoria e Bottega 4 Leoni Firenze, Z\u00fcrich\",\"isPartOf\":{\"@id\":\"https:\/\/4leoni-firenze.ch\/#website\"},\"primaryImageOfPage\":{\"@id\":\"https:\/\/4leoni-firenze.ch\/de\/das-vinaino\/#primaryimage\"},\"image\":{\"@id\":\"https:\/\/4leoni-firenze.ch\/de\/das-vinaino\/#primaryimage\"},\"thumbnailUrl\":\"https:\/\/4leoni-firenze.ch\/wp-content\/uploads\/2024\/12\/pane2.jpg\",\"datePublished\":\"2024-12-30T19:05:28+00:00\",\"dateModified\":\"2025-01-05T17:39:08+00:00\",\"breadcrumb\":{\"@id\":\"https:\/\/4leoni-firenze.ch\/de\/das-vinaino\/#breadcrumb\"},\"inLanguage\":\"de\",\"potentialAction\":[{\"@type\":\"ReadAction\",\"target\":[\"https:\/\/4leoni-firenze.ch\/de\/das-vinaino\/\"]}]},{\"@type\":\"ImageObject\",\"inLanguage\":\"de\",\"@id\":\"https:\/\/4leoni-firenze.ch\/de\/das-vinaino\/#primaryimage\",\"url\":\"https:\/\/4leoni-firenze.ch\/wp-content\/uploads\/2024\/12\/pane2.jpg\",\"contentUrl\":\"https:\/\/4leoni-firenze.ch\/wp-content\/uploads\/2024\/12\/pane2.jpg\",\"width\":1280,\"height\":875},{\"@type\":\"BreadcrumbList\",\"@id\":\"https:\/\/4leoni-firenze.ch\/de\/das-vinaino\/#breadcrumb\",\"itemListElement\":[{\"@type\":\"ListItem\",\"position\":1,\"name\":\"Home\",\"item\":\"https:\/\/4leoni-firenze.ch\/de\/\"},{\"@type\":\"ListItem\",\"position\":2,\"name\":\"Das Vinaio\"}]},{\"@type\":\"WebSite\",\"@id\":\"https:\/\/4leoni-firenze.ch\/#website\",\"url\":\"https:\/\/4leoni-firenze.ch\/\",\"name\":\"Trattoria e Bottega 4 Leoni Firenze, Z\u00fcrich\",\"description\":\"\",\"potentialAction\":[{\"@type\":\"SearchAction\",\"target\":{\"@type\":\"EntryPoint\",\"urlTemplate\":\"https:\/\/4leoni-firenze.ch\/?s={search_term_string}\"},\"query-input\":{\"@type\":\"PropertyValueSpecification\",\"valueRequired\":true,\"valueName\":\"search_term_string\"}}],\"inLanguage\":\"de\"}]}<\/script>\n<!-- \/ Yoast SEO plugin. -->","yoast_head_json":{"title":"Das Vinaio - Trattoria e Bottega 4 Leoni Firenze, Z\u00fcrich","robots":{"index":"index","follow":"follow","max-snippet":"max-snippet:-1","max-image-preview":"max-image-preview:large","max-video-preview":"max-video-preview:-1"},"canonical":"https:\/\/4leoni-firenze.ch\/de\/das-vinaino\/","og_locale":"de_DE","og_type":"article","og_title":"Das Vinaio - Trattoria e Bottega 4 Leoni Firenze, Z\u00fcrich","og_description":"Dienstag und Mittwoch:10:00 &#8211; 14:0017:00 &#8211; 21:00    Donnerstag bis Samstag:10:00 &#8211; 14:0017:00 &#8211; 22:00    Aktuelle \u00d6ffnungszeiten finden Sie auf Google.    Erreichbar unter 077 486 00 19,","og_url":"https:\/\/4leoni-firenze.ch\/de\/das-vinaino\/","og_site_name":"Trattoria e Bottega 4 Leoni Firenze, Z\u00fcrich","article_modified_time":"2025-01-05T17:39:08+00:00","og_image":[{"width":1280,"height":875,"url":"https:\/\/4leoni-firenze.ch\/wp-content\/uploads\/2024\/12\/pane2.jpg","type":"image\/jpeg"}],"twitter_card":"summary_large_image","twitter_misc":{"Gesch\u00e4tzte Lesezeit":"3\u00a0Minuten"},"schema":{"@context":"https:\/\/schema.org","@graph":[{"@type":"WebPage","@id":"https:\/\/4leoni-firenze.ch\/de\/das-vinaino\/","url":"https:\/\/4leoni-firenze.ch\/de\/das-vinaino\/","name":"Das Vinaio - Trattoria e Bottega 4 Leoni Firenze, Z\u00fcrich","isPartOf":{"@id":"https:\/\/4leoni-firenze.ch\/#website"},"primaryImageOfPage":{"@id":"https:\/\/4leoni-firenze.ch\/de\/das-vinaino\/#primaryimage"},"image":{"@id":"https:\/\/4leoni-firenze.ch\/de\/das-vinaino\/#primaryimage"},"thumbnailUrl":"https:\/\/4leoni-firenze.ch\/wp-content\/uploads\/2024\/12\/pane2.jpg","datePublished":"2024-12-30T19:05:28+00:00","dateModified":"2025-01-05T17:39:08+00:00","breadcrumb":{"@id":"https:\/\/4leoni-firenze.ch\/de\/das-vinaino\/#breadcrumb"},"inLanguage":"de","potentialAction":[{"@type":"ReadAction","target":["https:\/\/4leoni-firenze.ch\/de\/das-vinaino\/"]}]},{"@type":"ImageObject","inLanguage":"de","@id":"https:\/\/4leoni-firenze.ch\/de\/das-vinaino\/#primaryimage","url":"https:\/\/4leoni-firenze.ch\/wp-content\/uploads\/2024\/12\/pane2.jpg","contentUrl":"https:\/\/4leoni-firenze.ch\/wp-content\/uploads\/2024\/12\/pane2.jpg","width":1280,"height":875},{"@type":"BreadcrumbList","@id":"https:\/\/4leoni-firenze.ch\/de\/das-vinaino\/#breadcrumb","itemListElement":[{"@type":"ListItem","position":1,"name":"Home","item":"https:\/\/4leoni-firenze.ch\/de\/"},{"@type":"ListItem","position":2,"name":"Das Vinaio"}]},{"@type":"WebSite","@id":"https:\/\/4leoni-firenze.ch\/#website","url":"https:\/\/4leoni-firenze.ch\/","name":"Trattoria e Bottega 4 Leoni Firenze, Z\u00fcrich","description":"","potentialAction":[{"@type":"SearchAction","target":{"@type":"EntryPoint","urlTemplate":"https:\/\/4leoni-firenze.ch\/?s={search_term_string}"},"query-input":{"@type":"PropertyValueSpecification","valueRequired":true,"valueName":"search_term_string"}}],"inLanguage":"de"}]}},"_links":{"self":[{"href":"https:\/\/4leoni-firenze.ch\/de\/wp-json\/wp\/v2\/pages\/698","targetHints":{"allow":["GET"]}}],"collection":[{"href":"https:\/\/4leoni-firenze.ch\/de\/wp-json\/wp\/v2\/pages"}],"about":[{"href":"https:\/\/4leoni-firenze.ch\/de\/wp-json\/wp\/v2\/types\/page"}],"author":[{"embeddable":true,"href":"https:\/\/4leoni-firenze.ch\/de\/wp-json\/wp\/v2\/users\/1"}],"replies":[{"embeddable":true,"href":"https:\/\/4leoni-firenze.ch\/de\/wp-json\/wp\/v2\/comments?post=698"}],"version-history":[{"count":4,"href":"https:\/\/4leoni-firenze.ch\/de\/wp-json\/wp\/v2\/pages\/698\/revisions"}],"predecessor-version":[{"id":710,"href":"https:\/\/4leoni-firenze.ch\/de\/wp-json\/wp\/v2\/pages\/698\/revisions\/710"}],"wp:featuredmedia":[{"embeddable":true,"href":"https:\/\/4leoni-firenze.ch\/de\/wp-json\/wp\/v2\/media\/671"}],"wp:attachment":[{"href":"https:\/\/4leoni-firenze.ch\/de\/wp-json\/wp\/v2\/media?parent=698"}],"curies":[{"name":"wp","href":"https:\/\/api.w.org\/{rel}","templated":true}]}}