{"id":239,"date":"2022-12-07T13:47:41","date_gmt":"2022-12-07T13:47:41","guid":{"rendered":"https:\/\/staging.4leoni-firenze.ch\/kontakte\/"},"modified":"2022-12-22T14:17:42","modified_gmt":"2022-12-22T14:17:42","slug":"kontakte","status":"publish","type":"page","link":"https:\/\/4leoni-firenze.ch\/de\/kontakte\/","title":{"rendered":"Kontakte"},"content":{"rendered":"\n<div class=\"wp-block-contact-form-7-contact-form-selector\">\n<div class=\"wpcf7 no-js\" id=\"wpcf7-f276-o1\" lang=\"de-DE\" dir=\"ltr\" data-wpcf7-id=\"276\">\n<div class=\"screen-reader-response\"><p role=\"status\" aria-live=\"polite\" aria-atomic=\"true\"><\/p> <ul><\/ul><\/div>\n<form action=\"\/de\/wp-json\/wp\/v2\/pages\/239#wpcf7-f276-o1\" method=\"post\" class=\"wpcf7-form init\" aria-label=\"Kontaktformular\" novalidate=\"novalidate\" data-status=\"init\">\n<div style=\"display: none;\">\n<input type=\"hidden\" name=\"_wpcf7\" value=\"276\" \/>\n<input type=\"hidden\" name=\"_wpcf7_version\" value=\"6.0.6\" \/>\n<input type=\"hidden\" name=\"_wpcf7_locale\" value=\"de_DE\" \/>\n<input type=\"hidden\" name=\"_wpcf7_unit_tag\" value=\"wpcf7-f276-o1\" \/>\n<input type=\"hidden\" name=\"_wpcf7_container_post\" value=\"0\" \/>\n<input type=\"hidden\" name=\"_wpcf7_posted_data_hash\" value=\"\" \/>\n<input type=\"hidden\" name=\"_wpcf7_recaptcha_response\" value=\"\" \/>\n<\/div>\n<p><label class=\"x-50-1\"><br \/>\n<span class=\"wpcf7-form-control-wrap\" data-name=\"your-name\"><input size=\"40\" maxlength=\"400\" class=\"wpcf7-form-control wpcf7-text wpcf7-validates-as-required\" aria-required=\"true\" aria-invalid=\"false\" placeholder=\"Vorname\" value=\"\" type=\"text\" name=\"your-name\" \/><\/span> <\/label>\n<\/p>\n<p><label class=\"x-50-2\"><br \/>\n<span class=\"wpcf7-form-control-wrap\" data-name=\"text-869\"><input size=\"40\" maxlength=\"400\" class=\"wpcf7-form-control wpcf7-text\" aria-invalid=\"false\" placeholder=\"Nachname\" value=\"\" type=\"text\" name=\"text-869\" \/><\/span><\/label>\n<\/p>\n<p><label class=\"x-50-1\"><br \/>\n<span class=\"wpcf7-form-control-wrap\" data-name=\"your-email\"><input size=\"40\" maxlength=\"400\" class=\"wpcf7-form-control wpcf7-email wpcf7-validates-as-required wpcf7-text wpcf7-validates-as-email\" aria-required=\"true\" aria-invalid=\"false\" placeholder=\"Email\" value=\"\" type=\"email\" name=\"your-email\" \/><\/span> <\/label>\n<\/p>\n<p><label class=\"x-50-2\"><br \/>\n<span class=\"wpcf7-form-control-wrap\" data-name=\"tel-721\"><input size=\"40\" maxlength=\"400\" class=\"wpcf7-form-control wpcf7-tel wpcf7-text wpcf7-validates-as-tel\" aria-invalid=\"false\" placeholder=\"Telefonnummer\" value=\"\" type=\"tel\" name=\"tel-721\" \/><\/span><\/label>\n<\/p>\n<p><label class=\"x-100\"><br \/>\n<span class=\"wpcf7-form-control-wrap\" data-name=\"your-message\"><textarea cols=\"40\" rows=\"10\" maxlength=\"2000\" class=\"wpcf7-form-control wpcf7-textarea\" aria-invalid=\"false\" placeholder=\"Nachricht\" name=\"your-message\"><\/textarea><\/span> <\/label>\n<\/p>\n<p><span class=\"wpcf7-form-control-wrap\" data-name=\"acceptance-568\"><span class=\"wpcf7-form-control wpcf7-acceptance optional\"><span class=\"wpcf7-list-item\"><label><input type=\"checkbox\" name=\"acceptance-568\" value=\"1\" aria-invalid=\"false\" \/><span class=\"wpcf7-list-item-label\">Ich stimme der Verarbeitung meiner personenbezogenen Daten gem\u00e4\u00df der DATENSCHUTZERKL\u00c4RUNG dieser Website zu<\/span><\/label><\/span><\/span><\/span>\n<\/p>\n<p><input class=\"wpcf7-form-control wpcf7-submit has-spinner\" type=\"submit\" value=\"Einreichen\" \/>\n<\/p><div class=\"wpcf7-response-output\" aria-hidden=\"true\"><\/div>\n<\/form>\n<\/div>\n<\/div>\n","protected":false},"excerpt":{"rendered":"<div class=\"wp-block-contact-form-7-contact-form-selector\"><\/div>\n","protected":false},"author":1,"featured_media":0,"parent":0,"menu_order":0,"comment_status":"closed","ping_status":"closed","template":"contatti.php","meta":{"footnotes":""},"class_list":["post-239","page","type-page","status-publish","hentry"],"acf":[],"yoast_head":"<!-- This site is optimized with the Yoast SEO plugin v25.2 - https:\/\/yoast.com\/wordpress\/plugins\/seo\/ -->\n<title>Kontakte - Trattoria e Bottega 4 Leoni Firenze, Z\u00fcrich<\/title>\n<meta name=\"robots\" content=\"index, follow, max-snippet:-1, max-image-preview:large, max-video-preview:-1\" \/>\n<link rel=\"canonical\" href=\"https:\/\/4leoni-firenze.ch\/de\/kontakte\/\" \/>\n<meta property=\"og:locale\" content=\"de_DE\" \/>\n<meta property=\"og:type\" content=\"article\" \/>\n<meta property=\"og:title\" content=\"Kontakte - Trattoria e Bottega 4 Leoni Firenze, Z\u00fcrich\" \/>\n<meta property=\"og:url\" content=\"https:\/\/4leoni-firenze.ch\/de\/kontakte\/\" \/>\n<meta property=\"og:site_name\" content=\"Trattoria e Bottega 4 Leoni Firenze, Z\u00fcrich\" \/>\n<meta property=\"article:modified_time\" content=\"2022-12-22T14:17:42+00:00\" \/>\n<meta name=\"twitter:card\" content=\"summary_large_image\" \/>\n<script type=\"application\/ld+json\" class=\"yoast-schema-graph\">{\"@context\":\"https:\/\/schema.org\",\"@graph\":[{\"@type\":\"WebPage\",\"@id\":\"https:\/\/4leoni-firenze.ch\/de\/kontakte\/\",\"url\":\"https:\/\/4leoni-firenze.ch\/de\/kontakte\/\",\"name\":\"Kontakte - Trattoria e Bottega 4 Leoni Firenze, Z\u00fcrich\",\"isPartOf\":{\"@id\":\"https:\/\/4leoni-firenze.ch\/#website\"},\"datePublished\":\"2022-12-07T13:47:41+00:00\",\"dateModified\":\"2022-12-22T14:17:42+00:00\",\"breadcrumb\":{\"@id\":\"https:\/\/4leoni-firenze.ch\/de\/kontakte\/#breadcrumb\"},\"inLanguage\":\"de\",\"potentialAction\":[{\"@type\":\"ReadAction\",\"target\":[\"https:\/\/4leoni-firenze.ch\/de\/kontakte\/\"]}]},{\"@type\":\"BreadcrumbList\",\"@id\":\"https:\/\/4leoni-firenze.ch\/de\/kontakte\/#breadcrumb\",\"itemListElement\":[{\"@type\":\"ListItem\",\"position\":1,\"name\":\"Home\",\"item\":\"https:\/\/4leoni-firenze.ch\/de\/\"},{\"@type\":\"ListItem\",\"position\":2,\"name\":\"Kontakte\"}]},{\"@type\":\"WebSite\",\"@id\":\"https:\/\/4leoni-firenze.ch\/#website\",\"url\":\"https:\/\/4leoni-firenze.ch\/\",\"name\":\"Trattoria e Bottega 4 Leoni Firenze, Z\u00fcrich\",\"description\":\"\",\"potentialAction\":[{\"@type\":\"SearchAction\",\"target\":{\"@type\":\"EntryPoint\",\"urlTemplate\":\"https:\/\/4leoni-firenze.ch\/?s={search_term_string}\"},\"query-input\":{\"@type\":\"PropertyValueSpecification\",\"valueRequired\":true,\"valueName\":\"search_term_string\"}}],\"inLanguage\":\"de\"}]}<\/script>\n<!-- \/ Yoast SEO plugin. -->","yoast_head_json":{"title":"Kontakte - Trattoria e Bottega 4 Leoni Firenze, Z\u00fcrich","robots":{"index":"index","follow":"follow","max-snippet":"max-snippet:-1","max-image-preview":"max-image-preview:large","max-video-preview":"max-video-preview:-1"},"canonical":"https:\/\/4leoni-firenze.ch\/de\/kontakte\/","og_locale":"de_DE","og_type":"article","og_title":"Kontakte - Trattoria e Bottega 4 Leoni Firenze, Z\u00fcrich","og_url":"https:\/\/4leoni-firenze.ch\/de\/kontakte\/","og_site_name":"Trattoria e Bottega 4 Leoni Firenze, Z\u00fcrich","article_modified_time":"2022-12-22T14:17:42+00:00","twitter_card":"summary_large_image","schema":{"@context":"https:\/\/schema.org","@graph":[{"@type":"WebPage","@id":"https:\/\/4leoni-firenze.ch\/de\/kontakte\/","url":"https:\/\/4leoni-firenze.ch\/de\/kontakte\/","name":"Kontakte - Trattoria e Bottega 4 Leoni Firenze, Z\u00fcrich","isPartOf":{"@id":"https:\/\/4leoni-firenze.ch\/#website"},"datePublished":"2022-12-07T13:47:41+00:00","dateModified":"2022-12-22T14:17:42+00:00","breadcrumb":{"@id":"https:\/\/4leoni-firenze.ch\/de\/kontakte\/#breadcrumb"},"inLanguage":"de","potentialAction":[{"@type":"ReadAction","target":["https:\/\/4leoni-firenze.ch\/de\/kontakte\/"]}]},{"@type":"BreadcrumbList","@id":"https:\/\/4leoni-firenze.ch\/de\/kontakte\/#breadcrumb","itemListElement":[{"@type":"ListItem","position":1,"name":"Home","item":"https:\/\/4leoni-firenze.ch\/de\/"},{"@type":"ListItem","position":2,"name":"Kontakte"}]},{"@type":"WebSite","@id":"https:\/\/4leoni-firenze.ch\/#website","url":"https:\/\/4leoni-firenze.ch\/","name":"Trattoria e Bottega 4 Leoni Firenze, Z\u00fcrich","description":"","potentialAction":[{"@type":"SearchAction","target":{"@type":"EntryPoint","urlTemplate":"https:\/\/4leoni-firenze.ch\/?s={search_term_string}"},"query-input":{"@type":"PropertyValueSpecification","valueRequired":true,"valueName":"search_term_string"}}],"inLanguage":"de"}]}},"_links":{"self":[{"href":"https:\/\/4leoni-firenze.ch\/de\/wp-json\/wp\/v2\/pages\/239","targetHints":{"allow":["GET"]}}],"collection":[{"href":"https:\/\/4leoni-firenze.ch\/de\/wp-json\/wp\/v2\/pages"}],"about":[{"href":"https:\/\/4leoni-firenze.ch\/de\/wp-json\/wp\/v2\/types\/page"}],"author":[{"embeddable":true,"href":"https:\/\/4leoni-firenze.ch\/de\/wp-json\/wp\/v2\/users\/1"}],"replies":[{"embeddable":true,"href":"https:\/\/4leoni-firenze.ch\/de\/wp-json\/wp\/v2\/comments?post=239"}],"version-history":[{"count":4,"href":"https:\/\/4leoni-firenze.ch\/de\/wp-json\/wp\/v2\/pages\/239\/revisions"}],"predecessor-version":[{"id":260,"href":"https:\/\/4leoni-firenze.ch\/de\/wp-json\/wp\/v2\/pages\/239\/revisions\/260"}],"wp:attachment":[{"href":"https:\/\/4leoni-firenze.ch\/de\/wp-json\/wp\/v2\/media?parent=239"}],"curies":[{"name":"wp","href":"https:\/\/api.w.org\/{rel}","templated":true}]}}